{"id":901,"date":"2023-08-24T13:42:24","date_gmt":"2023-08-24T11:42:24","guid":{"rendered":"https:\/\/cocinasens.fr\/?post_type=product&#038;p=901"},"modified":"2023-08-31T14:53:46","modified_gmt":"2023-08-31T12:53:46","slug":"dessous-dassiette-a-relief-dore","status":"publish","type":"product","link":"https:\/\/cocinasens.fr\/index.php\/product\/dessous-dassiette-a-relief-dore\/","title":{"rendered":"DESSOUS D&#8217;ASSIETTE A RELIEF DORE"},"content":{"rendered":"<p class=\"Styles__Typography-sc-4zz2i3-0 mkhll\">\u00c0 propos de ce produit<\/p>\n<p><span class=\"Styles__Span-sc-4zz2i3-1 AccordionContainer__AccordionTextSpan-sc-10ikm52-3 fYstiQ jAkFaF\" data-test-id=\"accordion-text\">Dessous d&#8217;assiette \u00e0 relief dor\u00e9 Id\u00e9al pour embellir votre table<\/span><\/p>\n<ul>\n<li><span class=\"Styles__Span-sc-4zz2i3-1 AccordionContainer__AccordionTextSpan-sc-10ikm52-3 fYstiQ jAkFaF\" data-test-id=\"accordion-text\"> Couleur-DORE<\/span><\/li>\n<li><span class=\"Styles__Span-sc-4zz2i3-1 AccordionContainer__AccordionTextSpan-sc-10ikm52-3 fYstiQ jAkFaF\" data-test-id=\"accordion-text\"> Mat\u00e9riau-PLASTIQUE<\/span><\/li>\n<li>Taille : 33*33*1 cm<\/li>\n<\/ul>\n","protected":false},"excerpt":{"rendered":"<p class=\"Styles__Typography-sc-4zz2i3-0 mkhll\">Livraison<\/p>\n<ul>\n<li class=\"ShippingDetailsList__ListItem-sc-1fobp2x-0 iTTXJE\">\n<p class=\"Styles__Typography-sc-4zz2i3-0 ldNIxK\">Pays d&#8217;exp\u00e9dition\u00a0: France<\/p>\n<\/li>\n<\/ul>\n","protected":false},"featured_media":895,"comment_status":"open","ping_status":"closed","template":"","meta":{"jetpack_post_was_ever_published":false},"product_cat":[24,30,21,23],"product_tag":[36],"class_list":["post-901","product","type-product","status-publish","has-post-thumbnail","hentry","product_cat-adt","product_cat-assiettes","product_cat-cu","product_cat-deco","product_tag-dore"],"_links":{"self":[{"href":"https:\/\/cocinasens.fr\/index.php\/wp-json\/wp\/v2\/product\/901","targetHints":{"allow":["GET"]}}],"collection":[{"href":"https:\/\/cocinasens.fr\/index.php\/wp-json\/wp\/v2\/product"}],"about":[{"href":"https:\/\/cocinasens.fr\/index.php\/wp-json\/wp\/v2\/types\/product"}],"replies":[{"embeddable":true,"href":"https:\/\/cocinasens.fr\/index.php\/wp-json\/wp\/v2\/comments?post=901"}],"wp:featuredmedia":[{"embeddable":true,"href":"https:\/\/cocinasens.fr\/index.php\/wp-json\/wp\/v2\/media\/895"}],"wp:attachment":[{"href":"https:\/\/cocinasens.fr\/index.php\/wp-json\/wp\/v2\/media?parent=901"}],"wp:term":[{"taxonomy":"product_cat","embeddable":true,"href":"https:\/\/cocinasens.fr\/index.php\/wp-json\/wp\/v2\/product_cat?post=901"},{"taxonomy":"product_tag","embeddable":true,"href":"https:\/\/cocinasens.fr\/index.php\/wp-json\/wp\/v2\/product_tag?post=901"}],"curies":[{"name":"wp","href":"https:\/\/api.w.org\/{rel}","templated":true}]}}