{"id":871,"date":"2023-08-24T12:42:48","date_gmt":"2023-08-24T10:42:48","guid":{"rendered":"https:\/\/cocinasens.fr\/?post_type=product&#038;p=871"},"modified":"2023-08-31T14:54:37","modified_gmt":"2023-08-31T12:54:37","slug":"saladier-en-resine-couleur-peche-23cm","status":"publish","type":"product","link":"https:\/\/cocinasens.fr\/index.php\/product\/saladier-en-resine-couleur-peche-23cm\/","title":{"rendered":"SALADIER EN RESINE COULEUR PECHE 23cm"},"content":{"rendered":"<p class=\"Styles__Typography-sc-4zz2i3-0 mkhll\">\u00c0 propos de ce produit<\/p>\n<p><span class=\"Styles__Span-sc-4zz2i3-1 AccordionContainer__AccordionTextSpan-sc-10ikm52-3 fYstiQ jAkFaF\" data-test-id=\"accordion-text\">Saladier en r\u00e9sine couleur p\u00eache Tr\u00e8s raffin\u00e9 pour d\u00e9corer votre table avec les bols assorties<\/span><\/p>\n","protected":false},"excerpt":{"rendered":"<p class=\"Styles__Typography-sc-4zz2i3-0 mkhll\">Livraison<\/p>\n<ul>\n<li class=\"ShippingDetailsList__ListItem-sc-1fobp2x-0 iTTXJE\">\n<p class=\"Styles__Typography-sc-4zz2i3-0 ldNIxK\">Pays d&#8217;exp\u00e9dition\u00a0: France<\/p>\n<\/li>\n<\/ul>\n","protected":false},"featured_media":872,"comment_status":"open","ping_status":"closed","template":"","meta":{"jetpack_post_was_ever_published":false},"product_cat":[24,21,23,31],"product_tag":[37],"class_list":["post-871","product","type-product","status-publish","has-post-thumbnail","hentry","product_cat-adt","product_cat-cu","product_cat-deco","product_cat-recipient","product_tag-resine-peche"],"_links":{"self":[{"href":"https:\/\/cocinasens.fr\/index.php\/wp-json\/wp\/v2\/product\/871","targetHints":{"allow":["GET"]}}],"collection":[{"href":"https:\/\/cocinasens.fr\/index.php\/wp-json\/wp\/v2\/product"}],"about":[{"href":"https:\/\/cocinasens.fr\/index.php\/wp-json\/wp\/v2\/types\/product"}],"replies":[{"embeddable":true,"href":"https:\/\/cocinasens.fr\/index.php\/wp-json\/wp\/v2\/comments?post=871"}],"wp:featuredmedia":[{"embeddable":true,"href":"https:\/\/cocinasens.fr\/index.php\/wp-json\/wp\/v2\/media\/872"}],"wp:attachment":[{"href":"https:\/\/cocinasens.fr\/index.php\/wp-json\/wp\/v2\/media?parent=871"}],"wp:term":[{"taxonomy":"product_cat","embeddable":true,"href":"https:\/\/cocinasens.fr\/index.php\/wp-json\/wp\/v2\/product_cat?post=871"},{"taxonomy":"product_tag","embeddable":true,"href":"https:\/\/cocinasens.fr\/index.php\/wp-json\/wp\/v2\/product_tag?post=871"}],"curies":[{"name":"wp","href":"https:\/\/api.w.org\/{rel}","templated":true}]}}