{"id":797,"date":"2023-08-23T13:10:14","date_gmt":"2023-08-23T11:10:14","guid":{"rendered":"https:\/\/cocinasens.fr\/?post_type=product&#038;p=797"},"modified":"2023-08-31T14:40:07","modified_gmt":"2023-08-31T12:40:07","slug":"assiette-plate-perles-27-cm","status":"publish","type":"product","link":"https:\/\/cocinasens.fr\/index.php\/product\/assiette-plate-perles-27-cm\/","title":{"rendered":"ASSIETTE PLATE PERLES 27 CM"},"content":{"rendered":"<p class=\"Styles__Typography-sc-4zz2i3-0 mkhll\">\u00c0 propos de ce produit<\/p>\n<p><span class=\"Styles__Span-sc-4zz2i3-1 AccordionContainer__AccordionTextSpan-sc-10ikm52-3 fYstiQ jAkFaF\" data-test-id=\"accordion-text\">Assiette plate avec perles pour apporter une touche moderne \u00e0 votre table <\/span><\/p>\n<ul>\n<li><span class=\"Styles__Span-sc-4zz2i3-1 AccordionContainer__AccordionTextSpan-sc-10ikm52-3 fYstiQ jAkFaF\" data-test-id=\"accordion-text\">Couleur-BLANC <\/span><\/li>\n<li><span class=\"Styles__Span-sc-4zz2i3-1 AccordionContainer__AccordionTextSpan-sc-10ikm52-3 fYstiQ jAkFaF\" data-test-id=\"accordion-text\">Mat\u00e9riau-PORCELAINE<\/span><\/li>\n<li>Taille : 26.7*15.6*2.1<\/li>\n<\/ul>\n","protected":false},"excerpt":{"rendered":"<p>\u00c0 propos de ce produit Assiette plate avec perles pour apporter une touche moderne \u00e0 votre table Couleur-BLANC Mat\u00e9riau-PORCELAINE Taille : 26.7*15.6*2.1<\/p>\n","protected":false},"featured_media":798,"comment_status":"open","ping_status":"closed","template":"","meta":{"jetpack_post_was_ever_published":false},"product_cat":[24,30,21,23],"product_tag":[],"class_list":["post-797","product","type-product","status-publish","has-post-thumbnail","hentry","product_cat-adt","product_cat-assiettes","product_cat-cu","product_cat-deco"],"_links":{"self":[{"href":"https:\/\/cocinasens.fr\/index.php\/wp-json\/wp\/v2\/product\/797","targetHints":{"allow":["GET"]}}],"collection":[{"href":"https:\/\/cocinasens.fr\/index.php\/wp-json\/wp\/v2\/product"}],"about":[{"href":"https:\/\/cocinasens.fr\/index.php\/wp-json\/wp\/v2\/types\/product"}],"replies":[{"embeddable":true,"href":"https:\/\/cocinasens.fr\/index.php\/wp-json\/wp\/v2\/comments?post=797"}],"wp:featuredmedia":[{"embeddable":true,"href":"https:\/\/cocinasens.fr\/index.php\/wp-json\/wp\/v2\/media\/798"}],"wp:attachment":[{"href":"https:\/\/cocinasens.fr\/index.php\/wp-json\/wp\/v2\/media?parent=797"}],"wp:term":[{"taxonomy":"product_cat","embeddable":true,"href":"https:\/\/cocinasens.fr\/index.php\/wp-json\/wp\/v2\/product_cat?post=797"},{"taxonomy":"product_tag","embeddable":true,"href":"https:\/\/cocinasens.fr\/index.php\/wp-json\/wp\/v2\/product_tag?post=797"}],"curies":[{"name":"wp","href":"https:\/\/api.w.org\/{rel}","templated":true}]}}