{"id":789,"date":"2023-08-23T12:55:22","date_gmt":"2023-08-23T10:55:22","guid":{"rendered":"https:\/\/cocinasens.fr\/?post_type=product&#038;p=789"},"modified":"2023-08-31T14:45:49","modified_gmt":"2023-08-31T12:45:49","slug":"saladier-1l-double-paroi-borosilicate","status":"publish","type":"product","link":"https:\/\/cocinasens.fr\/index.php\/product\/saladier-1l-double-paroi-borosilicate\/","title":{"rendered":"SALADIER 1L DOUBLE PAROI BOROSILICATE"},"content":{"rendered":"<p class=\"Styles__Typography-sc-4zz2i3-0 mkhll\">\u00c0 propos de ce produit<\/p>\n<p><span class=\"Styles__Span-sc-4zz2i3-1 AccordionContainer__AccordionTextSpan-sc-10ikm52-3 fYstiQ gFLwkK\" data-test-id=\"accordion-text\">Saladier d&#8217;une contenance d&#8217;1L en verre transparent \u00e0 double paroi. Aulica est une marque fran\u00e7aise sp\u00e9cialis\u00e9e dans les arts de la table <\/span><\/p>\n<ul>\n<li><span class=\"Styles__Span-sc-4zz2i3-1 AccordionContainer__AccordionTextSpan-sc-10ikm52-3 fYstiQ gFLwkK\" data-test-id=\"accordion-text\">DIM. ARTICLE : 7x7x10 <\/span><\/li>\n<li><span class=\"Styles__Span-sc-4zz2i3-1 AccordionContainer__AccordionTextSpan-sc-10ikm52-3 fYstiQ gFLwkK\" data-test-id=\"accordion-text\">DIM. BOITE : 9x9x15<\/span><\/li>\n<li><span class=\"Styles__Span-sc-4zz2i3-1 AccordionContainer__AccordionTextSpan-sc-10ikm52-3 fYstiQ gFLwkK\" data-test-id=\"accordion-text\"> FOOD SAFE : Yes <\/span><\/li>\n<li><span class=\"Styles__Span-sc-4zz2i3-1 AccordionContainer__AccordionTextSpan-sc-10ikm52-3 fYstiQ gFLwkK\" data-test-id=\"accordion-text\">DISHWASHER SAFE : Yes <\/span><\/li>\n<li><span class=\"Styles__Span-sc-4zz2i3-1 AccordionContainer__AccordionTextSpan-sc-10ikm52-3 fYstiQ gFLwkK\" data-test-id=\"accordion-text\">MICROWAVE SAFE : Yes <\/span><\/li>\n<li><span class=\"Styles__Span-sc-4zz2i3-1 AccordionContainer__AccordionTextSpan-sc-10ikm52-3 fYstiQ gFLwkK\" data-test-id=\"accordion-text\">OVEN SAFE : No<\/span><\/li>\n<\/ul>\n","protected":false},"excerpt":{"rendered":"<ul>\n<li><span class=\"Styles__Span-sc-4zz2i3-1 AccordionContainer__AccordionTextSpan-sc-10ikm52-3 fYstiQ gFLwkK\" data-test-id=\"accordion-text\">DIM. ARTICLE : 7x7x10 <\/span><\/li>\n<li><span class=\"Styles__Span-sc-4zz2i3-1 AccordionContainer__AccordionTextSpan-sc-10ikm52-3 fYstiQ gFLwkK\" data-test-id=\"accordion-text\">DIM. BOITE : 9x9x15<\/span><\/li>\n<\/ul>\n","protected":false},"featured_media":790,"comment_status":"open","ping_status":"closed","template":"","meta":{"jetpack_post_was_ever_published":false},"product_cat":[24,21,23,31],"product_tag":[],"class_list":["post-789","product","type-product","status-publish","has-post-thumbnail","hentry","product_cat-adt","product_cat-cu","product_cat-deco","product_cat-recipient"],"_links":{"self":[{"href":"https:\/\/cocinasens.fr\/index.php\/wp-json\/wp\/v2\/product\/789","targetHints":{"allow":["GET"]}}],"collection":[{"href":"https:\/\/cocinasens.fr\/index.php\/wp-json\/wp\/v2\/product"}],"about":[{"href":"https:\/\/cocinasens.fr\/index.php\/wp-json\/wp\/v2\/types\/product"}],"replies":[{"embeddable":true,"href":"https:\/\/cocinasens.fr\/index.php\/wp-json\/wp\/v2\/comments?post=789"}],"wp:featuredmedia":[{"embeddable":true,"href":"https:\/\/cocinasens.fr\/index.php\/wp-json\/wp\/v2\/media\/790"}],"wp:attachment":[{"href":"https:\/\/cocinasens.fr\/index.php\/wp-json\/wp\/v2\/media?parent=789"}],"wp:term":[{"taxonomy":"product_cat","embeddable":true,"href":"https:\/\/cocinasens.fr\/index.php\/wp-json\/wp\/v2\/product_cat?post=789"},{"taxonomy":"product_tag","embeddable":true,"href":"https:\/\/cocinasens.fr\/index.php\/wp-json\/wp\/v2\/product_tag?post=789"}],"curies":[{"name":"wp","href":"https:\/\/api.w.org\/{rel}","templated":true}]}}