{"id":1922,"date":"2023-09-04T12:50:58","date_gmt":"2023-09-04T10:50:58","guid":{"rendered":"https:\/\/cocinasens.fr\/?post_type=product&#038;p=1922"},"modified":"2024-02-01T11:27:46","modified_gmt":"2024-02-01T10:27:46","slug":"table-basse-en-resine-epoxy-vert-aqua-et-bois","status":"publish","type":"product","link":"https:\/\/cocinasens.fr\/index.php\/product\/table-basse-en-resine-epoxy-vert-aqua-et-bois\/","title":{"rendered":"Table basse en r\u00e9sine \u00e9poxy vert aqua et bois"},"content":{"rendered":"<p>Cette table en r\u00e9sine envo\u00fbtante inspire votre cr\u00e9ativit\u00e9. Installez-la dans votre salon ou votre chambre\u00a0; cette breloque en r\u00e9sine ne manquera jamais de vous plaire par sa beaut\u00e9 \u00e9poustouflante. Chacune est cr\u00e9\u00e9e avec de la r\u00e9sine de haute qualit\u00e9 et fabriqu\u00e9e individuellement \u00e0 la main.<\/p>\n<p>La r\u00e9sine est un support hautement r\u00e9fl\u00e9chissant qui attirera l&#8217;attention de tous ceux qui entrent dans la pi\u00e8ce. Toutes les tables sont finies selon les normes les plus \u00e9lev\u00e9es. La r\u00e9sine \u00e9poxy est tr\u00e8s solide et durable avec une r\u00e9sistance particuli\u00e8re aux UV.<\/p>\n<p>Les tables sont livr\u00e9es d\u00e9mont\u00e9es. Il suffit de boulonner les pieds.<\/p>\n","protected":false},"excerpt":{"rendered":"<p class=\"Styles__Typography-sc-4zz2i3-0 mkhll\">Livraison<\/p>\n<ul>\n<li class=\"ShippingDetailsList__ListItem-sc-1fobp2x-0 iTTXJE\">Pays d&#8217;exp\u00e9dition :\u00a0 France<\/li>\n<\/ul>\n","protected":false},"featured_media":1923,"comment_status":"open","ping_status":"closed","template":"","meta":{"jetpack_post_was_ever_published":false},"product_cat":[23],"product_tag":[],"class_list":["post-1922","product","type-product","status-publish","has-post-thumbnail","hentry","product_cat-deco"],"_links":{"self":[{"href":"https:\/\/cocinasens.fr\/index.php\/wp-json\/wp\/v2\/product\/1922","targetHints":{"allow":["GET"]}}],"collection":[{"href":"https:\/\/cocinasens.fr\/index.php\/wp-json\/wp\/v2\/product"}],"about":[{"href":"https:\/\/cocinasens.fr\/index.php\/wp-json\/wp\/v2\/types\/product"}],"replies":[{"embeddable":true,"href":"https:\/\/cocinasens.fr\/index.php\/wp-json\/wp\/v2\/comments?post=1922"}],"wp:featuredmedia":[{"embeddable":true,"href":"https:\/\/cocinasens.fr\/index.php\/wp-json\/wp\/v2\/media\/1923"}],"wp:attachment":[{"href":"https:\/\/cocinasens.fr\/index.php\/wp-json\/wp\/v2\/media?parent=1922"}],"wp:term":[{"taxonomy":"product_cat","embeddable":true,"href":"https:\/\/cocinasens.fr\/index.php\/wp-json\/wp\/v2\/product_cat?post=1922"},{"taxonomy":"product_tag","embeddable":true,"href":"https:\/\/cocinasens.fr\/index.php\/wp-json\/wp\/v2\/product_tag?post=1922"}],"curies":[{"name":"wp","href":"https:\/\/api.w.org\/{rel}","templated":true}]}}