{"id":1915,"date":"2023-09-04T12:07:29","date_gmt":"2023-09-04T10:07:29","guid":{"rendered":"https:\/\/cocinasens.fr\/?post_type=product&#038;p=1915"},"modified":"2023-09-21T11:34:19","modified_gmt":"2023-09-21T09:34:19","slug":"ensemble-de-vaisselle-24-pieces-en-argent","status":"publish","type":"product","link":"https:\/\/cocinasens.fr\/index.php\/product\/ensemble-de-vaisselle-24-pieces-en-argent\/","title":{"rendered":"Ensemble de vaisselle 24 pi\u00e8ces en Argent"},"content":{"rendered":"<p>\u2714\ufe0f Design moderne de la plus haute qualit\u00e9. Offre une apparence intelligente sur la table<\/p>\n<p>\u2714\ufe0f Acier inoxydable de haute qualit\u00e9 avec rev\u00eatement color\u00e9, facile \u00e0 nettoyer. Profitez d&#8217;un design simple, d\u00e9licat et \u00e9l\u00e9gant, adapt\u00e9 \u00e0 tous les types de repas.<\/p>\n<p>\u2714\ufe0f Passe au lave-vaisselle\u00a0: facile \u00e0 laver, vos soins appropri\u00e9s peuvent rendre cet ensemble d&#8217;ustensiles toujours comme neuf et lui permettre de durer de nombreuses ann\u00e9es.<\/p>\n<p>\u2714\ufe0f Emball\u00e9 dans une jolie bo\u00eete cadeau dor\u00e9e &#8211; cet ensemble de couverts est parfait pour la maison, les voyages, le camping, les pique-niques, les restaurants et les h\u00f4tels\u00a0; id\u00e9al comme cadeau de pendaison de cr\u00e9maill\u00e8re \u00e0 vos amis<\/p>\n","protected":false},"excerpt":{"rendered":"<p class=\"Styles__Typography-sc-4zz2i3-0 mkhll\">Livraison<\/p>\n<ul>\n<li class=\"ShippingDetailsList__ListItem-sc-1fobp2x-0 iTTXJE\">\n<p class=\"Styles__Typography-sc-4zz2i3-0 ldNIxK\">Pays d&#8217;exp\u00e9dition : France<\/p>\n<\/li>\n<\/ul>\n","protected":false},"featured_media":1917,"comment_status":"open","ping_status":"closed","template":"","meta":{"jetpack_post_was_ever_published":false},"product_cat":[24,33,21,23],"product_tag":[],"class_list":["post-1915","product","type-product","status-publish","has-post-thumbnail","hentry","product_cat-adt","product_cat-couverts-adt","product_cat-cu","product_cat-deco"],"_links":{"self":[{"href":"https:\/\/cocinasens.fr\/index.php\/wp-json\/wp\/v2\/product\/1915","targetHints":{"allow":["GET"]}}],"collection":[{"href":"https:\/\/cocinasens.fr\/index.php\/wp-json\/wp\/v2\/product"}],"about":[{"href":"https:\/\/cocinasens.fr\/index.php\/wp-json\/wp\/v2\/types\/product"}],"replies":[{"embeddable":true,"href":"https:\/\/cocinasens.fr\/index.php\/wp-json\/wp\/v2\/comments?post=1915"}],"wp:featuredmedia":[{"embeddable":true,"href":"https:\/\/cocinasens.fr\/index.php\/wp-json\/wp\/v2\/media\/1917"}],"wp:attachment":[{"href":"https:\/\/cocinasens.fr\/index.php\/wp-json\/wp\/v2\/media?parent=1915"}],"wp:term":[{"taxonomy":"product_cat","embeddable":true,"href":"https:\/\/cocinasens.fr\/index.php\/wp-json\/wp\/v2\/product_cat?post=1915"},{"taxonomy":"product_tag","embeddable":true,"href":"https:\/\/cocinasens.fr\/index.php\/wp-json\/wp\/v2\/product_tag?post=1915"}],"curies":[{"name":"wp","href":"https:\/\/api.w.org\/{rel}","templated":true}]}}