{"id":1881,"date":"2023-09-04T10:25:59","date_gmt":"2023-09-04T08:25:59","guid":{"rendered":"https:\/\/cocinasens.fr\/?post_type=product&#038;p=1881"},"modified":"2025-05-31T22:17:17","modified_gmt":"2025-05-31T20:17:17","slug":"coupe-pizza-stellar-copper-gadgets","status":"publish","type":"product","link":"https:\/\/cocinasens.fr\/index.php\/product\/coupe-pizza-stellar-copper-gadgets\/","title":{"rendered":"Coupe-pizza Stellar Copper Gadgets"},"content":{"rendered":"<p>Profil profil\u00e9 lisse. Fabriqu\u00e9 en alliage de zinc, avec un composite en cuivre. Poign\u00e9e antid\u00e9rapante facile \u00e0 tenir, m\u00eame avec les mains mouill\u00e9es<\/p>\n<ul>\n<li>Emballage\u00a0: carte blister<\/li>\n<li>Mat\u00e9riau\u00a0: alliage de zinc chrom\u00e9<\/li>\n<\/ul>\n","protected":false},"excerpt":{"rendered":"<p>Pays d&#8217;exp\u00e9dition : France<\/p>\n","protected":false},"featured_media":1884,"comment_status":"open","ping_status":"closed","template":"","meta":{"jetpack_post_was_ever_published":false},"product_cat":[24,33,21,23],"product_tag":[42],"class_list":["post-1881","product","type-product","status-publish","has-post-thumbnail","hentry","product_cat-adt","product_cat-couverts-adt","product_cat-cu","product_cat-deco","product_tag-copper-gadgets"],"_links":{"self":[{"href":"https:\/\/cocinasens.fr\/index.php\/wp-json\/wp\/v2\/product\/1881","targetHints":{"allow":["GET"]}}],"collection":[{"href":"https:\/\/cocinasens.fr\/index.php\/wp-json\/wp\/v2\/product"}],"about":[{"href":"https:\/\/cocinasens.fr\/index.php\/wp-json\/wp\/v2\/types\/product"}],"replies":[{"embeddable":true,"href":"https:\/\/cocinasens.fr\/index.php\/wp-json\/wp\/v2\/comments?post=1881"}],"wp:featuredmedia":[{"embeddable":true,"href":"https:\/\/cocinasens.fr\/index.php\/wp-json\/wp\/v2\/media\/1884"}],"wp:attachment":[{"href":"https:\/\/cocinasens.fr\/index.php\/wp-json\/wp\/v2\/media?parent=1881"}],"wp:term":[{"taxonomy":"product_cat","embeddable":true,"href":"https:\/\/cocinasens.fr\/index.php\/wp-json\/wp\/v2\/product_cat?post=1881"},{"taxonomy":"product_tag","embeddable":true,"href":"https:\/\/cocinasens.fr\/index.php\/wp-json\/wp\/v2\/product_tag?post=1881"}],"curies":[{"name":"wp","href":"https:\/\/api.w.org\/{rel}","templated":true}]}}